{"id":111,"date":"2024-06-11T14:10:33","date_gmt":"2024-06-11T11:10:33","guid":{"rendered":"https:\/\/v2.privalon.ee\/kontakt\/"},"modified":"2024-06-28T12:38:30","modified_gmt":"2024-06-28T09:38:30","slug":"contact-us","status":"publish","type":"page","link":"https:\/\/v2.privalon.ee\/en\/contact-us\/","title":{"rendered":"Contact Us"},"content":{"rendered":"<h2><img loading=\"lazy\" decoding=\"async\" class=\"size-icon wp-image-528 alignleft\" src=\"https:\/\/v2.privalon.ee\/wp-content\/uploads\/2024\/06\/map-150x150.png\" alt=\"\" width=\"150\" height=\"150\" srcset=\"https:\/\/v2.privalon.ee\/wp-content\/uploads\/2024\/06\/map-150x150.png 150w, https:\/\/v2.privalon.ee\/wp-content\/uploads\/2024\/06\/map.png 512w\" sizes=\"auto, (max-width: 150px) 100vw, 150px\" \/>Car pick-up and drop-off<\/h2>\n<p>Aaddress: <a href=\"https:\/\/maps.app.goo.gl\/ydoRAmDmp3YqJpUJ7\" target=\"_blank\" rel=\"noopener\">Tallinna mnt. 99a, P\u00e4rnu<\/a><br \/>\nMon-Fri: 8:00-18:00<br \/>\nSat-Sun &amp; after hours: By appointment<\/p>\n<hr class=\"null\" \/>\n<h2><img loading=\"lazy\" decoding=\"async\" class=\"wp-image-535 size-icon alignleft\" src=\"https:\/\/v2.privalon.ee\/wp-content\/uploads\/2024\/06\/icon-150x150.png\" alt=\"\" width=\"150\" height=\"150\" srcset=\"https:\/\/v2.privalon.ee\/wp-content\/uploads\/2024\/06\/icon-150x150.png 150w, https:\/\/v2.privalon.ee\/wp-content\/uploads\/2024\/06\/icon.png 512w\" sizes=\"auto, (max-width: 150px) 100vw, 150px\" \/>Privalon Autorent O\u00dc<\/h2>\n<p>Reg nr: 14969791<br \/>\nVAT nr: EE102254990<br \/>\nIBAN: EE272200221073696673<\/p>\n<hr class=\"null\" \/>\n<h2><img loading=\"lazy\" decoding=\"async\" class=\"alignleft wp-image-270 size-icon\" src=\"https:\/\/v2.privalon.ee\/wp-content\/uploads\/2024\/06\/profile-icon-150x150.png\" alt=\"\" width=\"150\" height=\"150\" srcset=\"https:\/\/v2.privalon.ee\/wp-content\/uploads\/2024\/06\/profile-icon-150x150.png 150w, https:\/\/v2.privalon.ee\/wp-content\/uploads\/2024\/06\/profile-icon.png 512w\" sizes=\"auto, (max-width: 150px) 100vw, 150px\" \/>Contact Us<\/h2>\n<p>Rainer Laanev\u00e4li<br \/>\nPhone: +372 50 14 095<br \/>\nE-mail: <a href=\"mailto:rainer@privalon.ee\">rainer@privalon.ee<\/a><\/p>\n","protected":false},"excerpt":{"rendered":"<p>Car pick-up and drop-off Aaddress: Tallinna mnt. 99a, P\u00e4rnu Mon-Fri: 8:00-18:00 Sat-Sun &amp; after hours: By appointment Privalon Autorent O\u00dc Reg nr: 14969791 VAT nr: EE102254990 IBAN: EE272200221073696673 Contact Us Rainer Laanev\u00e4li Phone: +372 50 14 095 E-mail: rainer@privalon.ee<\/p>\n","protected":false},"author":1,"featured_media":0,"parent":0,"menu_order":6,"comment_status":"closed","ping_status":"closed","template":"page-contact.php","meta":{"_acf_changed":false,"_monsterinsights_skip_tracking":false,"_monsterinsights_sitenote_active":false,"_monsterinsights_sitenote_note":"","_monsterinsights_sitenote_category":0,"footnotes":""},"class_list":["post-111","page","type-page","status-publish","hentry"],"acf":[],"_links":{"self":[{"href":"https:\/\/v2.privalon.ee\/en\/wp-json\/wp\/v2\/pages\/111","targetHints":{"allow":["GET"]}}],"collection":[{"href":"https:\/\/v2.privalon.ee\/en\/wp-json\/wp\/v2\/pages"}],"about":[{"href":"https:\/\/v2.privalon.ee\/en\/wp-json\/wp\/v2\/types\/page"}],"author":[{"embeddable":true,"href":"https:\/\/v2.privalon.ee\/en\/wp-json\/wp\/v2\/users\/1"}],"replies":[{"embeddable":true,"href":"https:\/\/v2.privalon.ee\/en\/wp-json\/wp\/v2\/comments?post=111"}],"version-history":[{"count":25,"href":"https:\/\/v2.privalon.ee\/en\/wp-json\/wp\/v2\/pages\/111\/revisions"}],"predecessor-version":[{"id":537,"href":"https:\/\/v2.privalon.ee\/en\/wp-json\/wp\/v2\/pages\/111\/revisions\/537"}],"wp:attachment":[{"href":"https:\/\/v2.privalon.ee\/en\/wp-json\/wp\/v2\/media?parent=111"}],"curies":[{"name":"wp","href":"https:\/\/api.w.org\/{rel}","templated":true}]}}